{"id":12129,"date":"2026-02-19T15:59:28","date_gmt":"2026-02-19T14:59:28","guid":{"rendered":"https:\/\/wuo-corp.fnxs.io\/?page_id=12129"},"modified":"2026-02-19T15:59:28","modified_gmt":"2026-02-19T14:59:28","slug":"barrierefreiheit","status":"publish","type":"page","link":"https:\/\/wuo-corp.fnxs.io\/de\/barrierefreiheit\/","title":{"rendered":"Barrierefreiheit"},"content":{"rendered":"\t\t<div data-elementor-type=\"wp-page\" data-elementor-id=\"12129\" class=\"elementor elementor-12129\" data-elementor-post-type=\"page\">\n\t\t\t\t\t\t<section class=\"elementor-section elementor-top-section elementor-element elementor-element-ea113ab elementor-section-boxed elementor-section-height-default elementor-section-height-default\" data-id=\"ea113ab\" data-element_type=\"section\" data-e-type=\"section\">\n\t\t\t\t\t\t<div class=\"elementor-container elementor-column-gap-default\">\n\t\t\t\t\t<div class=\"elementor-column elementor-col-100 elementor-top-column elementor-element elementor-element-ba0b0dc\" data-id=\"ba0b0dc\" data-element_type=\"column\" data-e-type=\"column\">\n\t\t\t<div class=\"elementor-widget-wrap elementor-element-populated\">\n\t\t\t\t\t\t<div class=\"elementor-element elementor-element-fbfcb4b elementor-widget elementor-widget-text-editor\" data-id=\"fbfcb4b\" data-element_type=\"widget\" data-e-type=\"widget\" data-widget_type=\"text-editor.default\">\n\t\t\t\t<div class=\"elementor-widget-container\">\n\t\t\t\t\t\t\t\t\t<h1 class=\"elementor-heading-title elementor-size-default elementor-inline-editing pen\" data-elementor-setting-key=\"title\" data-pen-placeholder=\"Type Here...\">Barrierefreiheit<h1>\t\t\t\t\t\t\t\t<\/div>\n\t\t\t\t<\/div>\n\t\t\t\t\t<\/div>\n\t\t<\/div>\n\t\t\t\t\t<\/div>\n\t\t<\/section>\n\t\t\t\t<section class=\"elementor-section elementor-top-section elementor-element elementor-element-7e0da38 elementor-section-boxed elementor-section-height-default elementor-section-height-default\" data-id=\"7e0da38\" data-element_type=\"section\" data-e-type=\"section\">\n\t\t\t\t\t\t<div class=\"elementor-container elementor-column-gap-default\">\n\t\t\t\t\t<div class=\"elementor-column elementor-col-100 elementor-top-column elementor-element elementor-element-f5eb8cd\" data-id=\"f5eb8cd\" data-element_type=\"column\" data-e-type=\"column\">\n\t\t\t<div class=\"elementor-widget-wrap elementor-element-populated\">\n\t\t\t\t\t\t<div class=\"elementor-element elementor-element-dfc61ff elementor-widget elementor-widget-text-editor\" data-id=\"dfc61ff\" data-element_type=\"widget\" data-e-type=\"widget\" data-widget_type=\"text-editor.default\">\n\t\t\t\t<div class=\"elementor-widget-container\">\n\t\t\t\t\t\t\t\t\t<p>Erkl\u00e4rung zur Barrierefreiheit<\/p>\n<p>Diese Erkl\u00e4rung zur Barrierefreiheit gilt f\u00fcr die unter corporate.toni-fashion.com ver\u00f6ffentlichte Webseite der TONI DRESS DAMENMODEN GMBH.<\/p>\n<p>Allgemeine Beschreibung der Dienstleistung<\/p>\n<p>Die Webseite der TONI DRESS DAMENMODEN GMBH bietet Informationen \u00fcber das Unternehmen, seine Angebote und erm\u00f6glicht eine direkte Kontaktaufnahme.<\/p>\n<p>Geltende rechtliche Anforderungen<\/p>\n<p>F\u00fcr digitale Dienstleistungen gelten die Anforderungen nach \u00a7 14 Barrierefreiheitsst\u00e4rkungsgesetz (BFSG) i. V. m. \u00a7 3 Abs. 1 BFSG sowie der Verordnung zum BFSG (BFSGV).<\/p>\n<p>Umsetzung der Barrierefreiheitsanforderungen<\/p>\n<p>Die Einsch\u00e4tzung basiert auf einer Selbstbewertung unter Hinzunahme des Accessibility-Tools von AccessGO.<\/p>\n<p>Aufgrund dieser \u00dcberpr\u00fcfung ist die Website mit den zuvor genannten Anforderungen teilweise barrierefrei.<\/p>\n<p>Im Einzelnen sind die folgenden Punkte nicht vollst\u00e4ndig mit den f\u00fcr uns geltenden Vorschriften zur Barrierefreiheit vereinbar:<\/p>\n<ul>\n<li>Barriere: Einige Links sind leer oder enthalten keinen Text, wodurch deren Ziel oder Funktion nicht erkennbar ist.<\/li>\n<li>Barriere: \u00dcbersprungene \u00dcberschriften\u00adebene in der Dokumentstruktur.<\/li>\n<li>Barriere: Einige \u00dcberschriften sind leer oder enthalten keinen beschreibenden Text.<\/li>\n<li>Barriere: Ein Link verweist auf eine Stelle innerhalb derselben Seite, doch das zugeh\u00f6rige Ziel-Element fehlt.<\/li>\n<\/ul><p>\n<p>Geplanter Umgang mit den genannten Barrieren<\/p>\n<p>Wir arbeiten bereits an der Behebung dieser Barrieren.<\/p>\n<p>Erg\u00e4nzung zur Barrierefreiheitserkl\u00e4rung\u00a0<\/p>\n<p>Auf unserer Webseite wird das Barrierefreiheits-Plugin AccessGO (www.accessgo.de) von der DGfB Deutsche Gesellschaft f\u00fcr Barrierefreiheit mbH angeboten.<\/p>\n<p>Mit diesem k\u00f6nnen Nutzende unsere Webseite an individuelle Einschr\u00e4nkungen oder Pr\u00e4ferenzen anpassen.<\/p>\n<p>Die Einstellungen k\u00f6nnen \u00fcber das AccessGO-Symbol abgerufen werden oder alternativ \u00fcber die Tastenkombination \u201cALT + 1\u201d. Alle Funktionen k\u00f6nnen auch mit der Tastatur gesteuert werden.<\/p>\n<p>Unter anderem ist es dadurch m\u00f6glich, folgende Aspekte anzupassen:<\/p>\n<p>Schriftgr\u00f6\u00dfe<br \/>Kontrast<br \/>Hervorhebung von Links<br \/>Aktivieren eines Bildschirmlesers<br \/>Nutzung der Profile, um mehrere Einstellungen gleichzeitig zu aktivieren.<br \/>Wann wurde die Erkl\u00e4rung zur Barrierefreiheit erstellt?<\/p>\n<p>Diese Erkl\u00e4rung wurde erstellt am: 05.02.2026<\/p>\n<p>Barrieren melden sowie Informationen zur Barrierefreiheit dieser Webseite erfragen<\/p>\n<p>Sind Ihnen M\u00e4ngel beim barrierefreien Zugang zu Inhalten auf unserer Webseite aufgefallen oder haben Sie Anmerkungen sowie Fragen zum barrierefreien Zugang? Melden Sie sich gerne bei uns unter:<\/p>\n<p>TONI DRESS DAMENMODEN GMBH<\/p>\n<p>Konrad-Ott-Str. 1<\/p>\n<p>91301 Forchheim<\/p>\n<p>Deutschland<\/p>\n<p>info@toni-fashion.de<\/p>\n<p>Zust\u00e4ndige Markt\u00fcberwachungsbeh\u00f6rde<\/p>\n<p>Wenn Sie der Meinung sind, dass diese Webseite nicht barrierefrei zug\u00e4nglich ist, informieren Sie bitte unsere oben genannte Stelle oder Person. Wir bem\u00fchen uns, Anfragen innerhalb einer angemessenen Frist zu beantworten.\u00a0<\/p>\n<p>Falls Sie mit der Antwort ganz oder teilweise unzufrieden sind, k\u00f6nnen Sie sich auch an die folgende Beh\u00f6rde wenden.<\/p>\n<p>Die Kontaktdaten der f\u00fcr uns zust\u00e4ndigen Markt\u00fcberwachungsbeh\u00f6rde lauten:<\/p>\n<p>MLBF A\u00f6R<\/p>\n<p>Markt\u00fcberwachungsstelle der L\u00e4nder f\u00fcr die Barrierefreiheit von Produkten und Dienstleistungen<\/p>\n<p>Carl-Miller-Str. 6<\/p>\n<p>39112 Magdeburg<\/p>\n<p>kontakt@mlbf-barrierefrei.de<\/p>\n<p>Tel.: +49 391 567 6970\u00a0<\/p>\t\t\t\t\t\t\t\t<\/div>\n\t\t\t\t<\/div>\n\t\t\t\t\t<\/div>\n\t\t<\/div>\n\t\t\t\t\t<\/div>\n\t\t<\/section>\n\t\t\t\t<\/div>\n\t\t","protected":false},"excerpt":{"rendered":"<p>Barrierefreiheit Erkl\u00e4rung zur Barrierefreiheit Diese Erkl\u00e4rung zur Barrierefreiheit gilt f\u00fcr die unter corporate.toni-fashion.com ver\u00f6ffentlichte Webseite der TONI DRESS DAMENMODEN GMBH. Allgemeine Beschreibung der Dienstleistung Die Webseite der TONI DRESS DAMENMODEN GMBH bietet Informationen \u00fcber das Unternehmen, seine Angebote und erm\u00f6glicht eine direkte Kontaktaufnahme. Geltende rechtliche Anforderungen F\u00fcr digitale Dienstleistungen gelten die Anforderungen nach \u00a7 14 [&hellip;]<\/p>\n","protected":false},"author":6,"featured_media":0,"parent":0,"menu_order":0,"comment_status":"closed","ping_status":"closed","template":"","meta":{"footnotes":""},"class_list":["post-12129","page","type-page","status-publish","hentry"],"_links":{"self":[{"href":"https:\/\/wuo-corp.fnxs.io\/de\/wp-json\/wp\/v2\/pages\/12129"}],"collection":[{"href":"https:\/\/wuo-corp.fnxs.io\/de\/wp-json\/wp\/v2\/pages"}],"about":[{"href":"https:\/\/wuo-corp.fnxs.io\/de\/wp-json\/wp\/v2\/types\/page"}],"author":[{"embeddable":true,"href":"https:\/\/wuo-corp.fnxs.io\/de\/wp-json\/wp\/v2\/users\/6"}],"replies":[{"embeddable":true,"href":"https:\/\/wuo-corp.fnxs.io\/de\/wp-json\/wp\/v2\/comments?post=12129"}],"version-history":[{"count":13,"href":"https:\/\/wuo-corp.fnxs.io\/de\/wp-json\/wp\/v2\/pages\/12129\/revisions"}],"predecessor-version":[{"id":12147,"href":"https:\/\/wuo-corp.fnxs.io\/de\/wp-json\/wp\/v2\/pages\/12129\/revisions\/12147"}],"wp:attachment":[{"href":"https:\/\/wuo-corp.fnxs.io\/de\/wp-json\/wp\/v2\/media?parent=12129"}],"curies":[{"name":"wp","href":"https:\/\/api.w.org\/{rel}","templated":true}]}}