{"id":2067,"date":"2022-10-27T10:04:39","date_gmt":"2022-10-27T08:04:39","guid":{"rendered":"https:\/\/wuo-corp.fnxs.io\/?page_id=2067"},"modified":"2026-04-15T07:47:21","modified_gmt":"2026-04-15T05:47:21","slug":"startseite-221027a","status":"publish","type":"page","link":"https:\/\/wuo-corp.fnxs.io\/de\/","title":{"rendered":"Startseite"},"content":{"rendered":"\t\t<div data-elementor-type=\"wp-page\" data-elementor-id=\"2067\" class=\"elementor elementor-2067\" data-elementor-post-type=\"page\">\n\t\t\t\t\t\t<section class=\"elementor-section elementor-top-section elementor-element elementor-element-85a6091 elementor-section-full_width elementor-section-height-default elementor-section-height-default\" data-id=\"85a6091\" data-element_type=\"section\" data-e-type=\"section\">\n\t\t\t\t\t\t<div class=\"elementor-container elementor-column-gap-default\">\n\t\t\t\t\t<div class=\"elementor-column elementor-col-100 elementor-top-column elementor-element elementor-element-4e2eb07\" data-id=\"4e2eb07\" data-element_type=\"column\" data-e-type=\"column\">\n\t\t\t<div class=\"elementor-widget-wrap elementor-element-populated\">\n\t\t\t\t\t\t<div class=\"elementor-element elementor-element-1009047 elementor-widget elementor-widget-image\" data-id=\"1009047\" data-element_type=\"widget\" data-e-type=\"widget\" data-widget_type=\"image.default\">\n\t\t\t\t<div class=\"elementor-widget-container\">\n\t\t\t\t\t\t\t\t\t\t\t\t\t\t\t<img fetchpriority=\"high\" decoding=\"async\" width=\"1928\" height=\"696\" src=\"https:\/\/wuo-corp.fnxs.io\/wp-content\/uploads\/2026\/04\/2026_1928_xtra_startbanner_b.jpg\" class=\"attachment-full size-full wp-image-12283\" alt=\"\" srcset=\"https:\/\/wuo-corp.fnxs.io\/wp-content\/uploads\/2026\/04\/2026_1928_xtra_startbanner_b.jpg 1928w, https:\/\/wuo-corp.fnxs.io\/wp-content\/uploads\/2026\/04\/2026_1928_xtra_startbanner_b-300x108.jpg 300w, https:\/\/wuo-corp.fnxs.io\/wp-content\/uploads\/2026\/04\/2026_1928_xtra_startbanner_b-1024x370.jpg 1024w, https:\/\/wuo-corp.fnxs.io\/wp-content\/uploads\/2026\/04\/2026_1928_xtra_startbanner_b-768x277.jpg 768w, https:\/\/wuo-corp.fnxs.io\/wp-content\/uploads\/2026\/04\/2026_1928_xtra_startbanner_b-1536x554.jpg 1536w, https:\/\/wuo-corp.fnxs.io\/wp-content\/uploads\/2026\/04\/2026_1928_xtra_startbanner_b-18x6.jpg 18w\" sizes=\"(max-width: 1928px) 100vw, 1928px\" \/>\t\t\t\t\t\t\t\t\t\t\t\t\t\t\t<\/div>\n\t\t\t\t<\/div>\n\t\t\t\t\t<\/div>\n\t\t<\/div>\n\t\t\t\t\t<\/div>\n\t\t<\/section>\n\t\t\t\t<section class=\"elementor-section elementor-top-section elementor-element elementor-element-accc9be elementor-section-boxed elementor-section-height-default elementor-section-height-default\" data-id=\"accc9be\" data-element_type=\"section\" data-e-type=\"section\">\n\t\t\t\t\t\t<div class=\"elementor-container elementor-column-gap-default\">\n\t\t\t\t\t<div class=\"elementor-column elementor-col-100 elementor-top-column elementor-element elementor-element-65f1667\" data-id=\"65f1667\" data-element_type=\"column\" data-e-type=\"column\">\n\t\t\t<div class=\"elementor-widget-wrap elementor-element-populated\">\n\t\t\t\t\t\t<div class=\"elementor-element elementor-element-da6d425 elementor-widget elementor-widget-text-editor\" data-id=\"da6d425\" data-element_type=\"widget\" data-e-type=\"widget\" data-widget_type=\"text-editor.default\">\n\t\t\t\t<div class=\"elementor-widget-container\">\n\t\t\t\t\t\t\t\t\t<h3 data-start=\"105\" data-end=\"154\">TONI &amp; RELAXED<\/h3><p data-start=\"156\" data-end=\"412\">sind Marken der <strong data-start=\"191\" data-end=\"221\">TONI DRESS DAMENMODEN GMBH<\/strong>, die Teil der traditionsreichen <strong data-start=\"254\" data-end=\"276\">Weber &amp; Ott Gruppe<\/strong> in Forchheim\/Oberfranken ist. Mit \u00fcber 180 Jahren Erfolg in der Textil- und Modebranche stehen wir f\u00fcr fundierte Expertise und nachhaltige Qualit\u00e4t.<\/p><p data-start=\"386\" data-end=\"531\">Unsere DNA bildet die Basis all unseres Handelns. Mit einem vision\u00e4ren Blick in die Zukunft behalten wir dabei immer unsere Kundin fest im Fokus.<\/p><p data-start=\"533\" data-end=\"652\">Als zuverl\u00e4ssiger Handelspartner begegnen wir den Herausforderungen der Branche mit Innovationskraft und Best\u00e4ndigkeit.<\/p><p data-start=\"654\" data-end=\"827\"><strong data-start=\"654\" data-end=\"669\">Unser Ziel: <\/strong>Die erste Wahl f\u00fcr Frauen zu sein, die moderne Eleganz sch\u00e4tzen und h\u00f6chste Anspr\u00fcche an<strong> Passform<\/strong> und <strong>Tragekomfort<\/strong> haben \u2013 besonders wenn es um <strong>Hosen<\/strong> geht.<\/p>\t\t\t\t\t\t\t\t<\/div>\n\t\t\t\t<\/div>\n\t\t\t\t\t<\/div>\n\t\t<\/div>\n\t\t\t\t\t<\/div>\n\t\t<\/section>\n\t\t\t\t<section class=\"elementor-section elementor-top-section elementor-element elementor-element-f4d9fad elementor-section-boxed elementor-section-height-default elementor-section-height-default\" data-id=\"f4d9fad\" data-element_type=\"section\" data-e-type=\"section\">\n\t\t\t\t\t\t\t<div class=\"elementor-background-overlay\"><\/div>\n\t\t\t\t\t\t\t<div class=\"elementor-container elementor-column-gap-default\">\n\t\t\t\t\t<div class=\"elementor-column elementor-col-33 elementor-top-column elementor-element elementor-element-13ac26c\" data-id=\"13ac26c\" data-element_type=\"column\" data-e-type=\"column\">\n\t\t\t<div class=\"elementor-widget-wrap elementor-element-populated\">\n\t\t\t\t\t\t<div class=\"elementor-element elementor-element-6bf1fe4 elementor-widget elementor-widget-image\" data-id=\"6bf1fe4\" data-element_type=\"widget\" data-e-type=\"widget\" data-widget_type=\"image.default\">\n\t\t\t\t<div class=\"elementor-widget-container\">\n\t\t\t\t\t\t\t\t\t\t\t\t\t\t\t\t<a href=\"\/toni\">\n\t\t\t\t\t\t\t<img decoding=\"async\" width=\"596\" height=\"159\" src=\"https:\/\/wuo-corp.fnxs.io\/wp-content\/uploads\/2025\/08\/toni_logo.jpg\" class=\"attachment-medium_large size-medium_large wp-image-11563\" alt=\"\" srcset=\"https:\/\/wuo-corp.fnxs.io\/wp-content\/uploads\/2025\/08\/toni_logo.jpg 596w, https:\/\/wuo-corp.fnxs.io\/wp-content\/uploads\/2025\/08\/toni_logo-300x80.jpg 300w, https:\/\/wuo-corp.fnxs.io\/wp-content\/uploads\/2025\/08\/toni_logo-18x5.jpg 18w\" sizes=\"(max-width: 596px) 100vw, 596px\" \/>\t\t\t\t\t\t\t\t<\/a>\n\t\t\t\t\t\t\t\t\t\t\t\t\t\t\t<\/div>\n\t\t\t\t<\/div>\n\t\t\t\t<div class=\"elementor-element elementor-element-b054fd6 elementor-widget elementor-widget-gallery\" data-id=\"b054fd6\" data-element_type=\"widget\" data-e-type=\"widget\" data-settings=\"{&quot;gallery_layout&quot;:&quot;masonry&quot;,&quot;columns&quot;:&quot;5&quot;,&quot;lazyload&quot;:&quot;yes&quot;,&quot;columns_tablet&quot;:2,&quot;columns_mobile&quot;:1,&quot;gap&quot;:{&quot;unit&quot;:&quot;px&quot;,&quot;size&quot;:10,&quot;sizes&quot;:[]},&quot;gap_tablet&quot;:{&quot;unit&quot;:&quot;px&quot;,&quot;size&quot;:10,&quot;sizes&quot;:[]},&quot;gap_mobile&quot;:{&quot;unit&quot;:&quot;px&quot;,&quot;size&quot;:10,&quot;sizes&quot;:[]},&quot;link_to&quot;:&quot;file&quot;,&quot;overlay_background&quot;:&quot;yes&quot;,&quot;content_hover_animation&quot;:&quot;fade-in&quot;}\" data-widget_type=\"gallery.default\">\n\t\t\t\t<div class=\"elementor-widget-container\">\n\t\t\t\t\t\t\t<div class=\"elementor-gallery__container\">\n\t\t\t\t\t\t\t<a class=\"e-gallery-item elementor-gallery-item elementor-animated-content\" href=\"https:\/\/wuo-corp.fnxs.io\/wp-content\/uploads\/2025\/06\/2025-213-F_B15_Image12-13_1125-34_70_115.jpg\" data-elementor-open-lightbox=\"yes\" data-elementor-lightbox-slideshow=\"b054fd6\" data-elementor-lightbox-title=\"2025-213-F_B15_Image12-13_1125-34_70_115\" data-e-action-hash=\"#elementor-action%3Aaction%3Dlightbox%26settings%3DeyJpZCI6MTE0NzEsInVybCI6Imh0dHBzOlwvXC93dW8tY29ycC5mbnhzLmlvXC93cC1jb250ZW50XC91cGxvYWRzXC8yMDI1XC8wNlwvMjAyNS0yMTMtRl9CMTVfSW1hZ2UxMi0xM18xMTI1LTM0XzcwXzExNS5qcGciLCJzbGlkZXNob3ciOiJiMDU0ZmQ2In0%3D\">\n\t\t\t\t\t<div class=\"e-gallery-image elementor-gallery-item__image\" data-thumbnail=\"https:\/\/wuo-corp.fnxs.io\/wp-content\/uploads\/2025\/06\/2025-213-F_B15_Image12-13_1125-34_70_115-240x300.jpg\" data-width=\"240\" data-height=\"300\" aria-label=\"\" role=\"img\" ><\/div>\n\t\t\t\t\t\t\t\t\t\t\t<div class=\"elementor-gallery-item__overlay\"><\/div>\n\t\t\t\t\t\t\t\t\t\t\t\t\t\t<\/a>\n\t\t\t\t\t\t\t<a class=\"e-gallery-item elementor-gallery-item elementor-animated-content\" href=\"https:\/\/wuo-corp.fnxs.io\/wp-content\/uploads\/2025\/06\/2025-213-F_A05_82-05_1840-55_72_003.jpg\" data-elementor-open-lightbox=\"yes\" data-elementor-lightbox-slideshow=\"b054fd6\" data-elementor-lightbox-title=\"2025-213-F_A05_82-05_1840-55_72_003\" data-e-action-hash=\"#elementor-action%3Aaction%3Dlightbox%26settings%3DeyJpZCI6MTE0MzgsInVybCI6Imh0dHBzOlwvXC93dW8tY29ycC5mbnhzLmlvXC93cC1jb250ZW50XC91cGxvYWRzXC8yMDI1XC8wNlwvMjAyNS0yMTMtRl9BMDVfODItMDVfMTg0MC01NV83Ml8wMDMuanBnIiwic2xpZGVzaG93IjoiYjA1NGZkNiJ9\">\n\t\t\t\t\t<div class=\"e-gallery-image elementor-gallery-item__image\" data-thumbnail=\"https:\/\/wuo-corp.fnxs.io\/wp-content\/uploads\/2025\/06\/2025-213-F_A05_82-05_1840-55_72_003-240x300.jpg\" data-width=\"240\" data-height=\"300\" aria-label=\"\" role=\"img\" ><\/div>\n\t\t\t\t\t\t\t\t\t\t\t<div class=\"elementor-gallery-item__overlay\"><\/div>\n\t\t\t\t\t\t\t\t\t\t\t\t\t\t<\/a>\n\t\t\t\t\t\t\t<a class=\"e-gallery-item elementor-gallery-item elementor-animated-content\" href=\"https:\/\/wuo-corp.fnxs.io\/wp-content\/uploads\/2025\/06\/2025-213-F_B07_71-23_1840-53_70_083.jpg\" data-elementor-open-lightbox=\"yes\" data-elementor-lightbox-slideshow=\"b054fd6\" data-elementor-lightbox-title=\"2025-213-F_B07_71-23_1840-53_70_083\" data-e-action-hash=\"#elementor-action%3Aaction%3Dlightbox%26settings%3DeyJpZCI6MTE0NjYsInVybCI6Imh0dHBzOlwvXC93dW8tY29ycC5mbnhzLmlvXC93cC1jb250ZW50XC91cGxvYWRzXC8yMDI1XC8wNlwvMjAyNS0yMTMtRl9CMDdfNzEtMjNfMTg0MC01M183MF8wODMuanBnIiwic2xpZGVzaG93IjoiYjA1NGZkNiJ9\">\n\t\t\t\t\t<div class=\"e-gallery-image elementor-gallery-item__image\" data-thumbnail=\"https:\/\/wuo-corp.fnxs.io\/wp-content\/uploads\/2025\/06\/2025-213-F_B07_71-23_1840-53_70_083-240x300.jpg\" data-width=\"240\" data-height=\"300\" aria-label=\"\" role=\"img\" ><\/div>\n\t\t\t\t\t\t\t\t\t\t\t<div class=\"elementor-gallery-item__overlay\"><\/div>\n\t\t\t\t\t\t\t\t\t\t\t\t\t\t<\/a>\n\t\t\t\t\t\t\t<a class=\"e-gallery-item elementor-gallery-item elementor-animated-content\" href=\"https:\/\/wuo-corp.fnxs.io\/wp-content\/uploads\/2025\/06\/2025-213-F_B17_12-48_1125-56_54_011.jpg\" data-elementor-open-lightbox=\"yes\" data-elementor-lightbox-slideshow=\"b054fd6\" data-elementor-lightbox-title=\"2025-213-F_B17_12-48_1125-56_54_011\" data-e-action-hash=\"#elementor-action%3Aaction%3Dlightbox%26settings%3DeyJpZCI6MTE0NzIsInVybCI6Imh0dHBzOlwvXC93dW8tY29ycC5mbnhzLmlvXC93cC1jb250ZW50XC91cGxvYWRzXC8yMDI1XC8wNlwvMjAyNS0yMTMtRl9CMTdfMTItNDhfMTEyNS01Nl81NF8wMTEuanBnIiwic2xpZGVzaG93IjoiYjA1NGZkNiJ9\">\n\t\t\t\t\t<div class=\"e-gallery-image elementor-gallery-item__image\" data-thumbnail=\"https:\/\/wuo-corp.fnxs.io\/wp-content\/uploads\/2025\/06\/2025-213-F_B17_12-48_1125-56_54_011-240x300.jpg\" data-width=\"240\" data-height=\"300\" aria-label=\"\" role=\"img\" ><\/div>\n\t\t\t\t\t\t\t\t\t\t\t<div class=\"elementor-gallery-item__overlay\"><\/div>\n\t\t\t\t\t\t\t\t\t\t\t\t\t\t<\/a>\n\t\t\t\t\t\t\t<a class=\"e-gallery-item elementor-gallery-item elementor-animated-content\" href=\"https:\/\/wuo-corp.fnxs.io\/wp-content\/uploads\/2025\/06\/2025-213-F_A03_12-48_1125-56_54_136.jpg\" data-elementor-open-lightbox=\"yes\" data-elementor-lightbox-slideshow=\"b054fd6\" data-elementor-lightbox-title=\"2025-213-F_A03_12-48_1125-56_54_136\" data-e-action-hash=\"#elementor-action%3Aaction%3Dlightbox%26settings%3DeyJpZCI6MTE0MzUsInVybCI6Imh0dHBzOlwvXC93dW8tY29ycC5mbnhzLmlvXC93cC1jb250ZW50XC91cGxvYWRzXC8yMDI1XC8wNlwvMjAyNS0yMTMtRl9BMDNfMTItNDhfMTEyNS01Nl81NF8xMzYuanBnIiwic2xpZGVzaG93IjoiYjA1NGZkNiJ9\">\n\t\t\t\t\t<div class=\"e-gallery-image elementor-gallery-item__image\" data-thumbnail=\"https:\/\/wuo-corp.fnxs.io\/wp-content\/uploads\/2025\/06\/2025-213-F_A03_12-48_1125-56_54_136-240x300.jpg\" data-width=\"240\" data-height=\"300\" aria-label=\"\" role=\"img\" ><\/div>\n\t\t\t\t\t\t\t\t\t\t\t<div class=\"elementor-gallery-item__overlay\"><\/div>\n\t\t\t\t\t\t\t\t\t\t\t\t\t\t<\/a>\n\t\t\t\t\t<\/div>\n\t\t\t\t\t<\/div>\n\t\t\t\t<\/div>\n\t\t\t\t<div class=\"elementor-element elementor-element-5daf96f elementor-widget elementor-widget-text-editor\" data-id=\"5daf96f\" data-element_type=\"widget\" data-e-type=\"widget\" data-widget_type=\"text-editor.default\">\n\t\t\t\t<div class=\"elementor-widget-container\">\n\t\t\t\t\t\t\t\t\t<h4>Modern<\/h4><h4>Stilvoll<\/h4><h4>Passgenau<\/h4>\t\t\t\t\t\t\t\t<\/div>\n\t\t\t\t<\/div>\n\t\t\t\t\t<\/div>\n\t\t<\/div>\n\t\t\t\t<div class=\"elementor-column elementor-col-33 elementor-top-column elementor-element elementor-element-50678bd\" data-id=\"50678bd\" data-element_type=\"column\" data-e-type=\"column\">\n\t\t\t<div class=\"elementor-widget-wrap\">\n\t\t\t\t\t\t\t<\/div>\n\t\t<\/div>\n\t\t\t\t<div class=\"elementor-column elementor-col-33 elementor-top-column elementor-element elementor-element-5151d35\" data-id=\"5151d35\" data-element_type=\"column\" data-e-type=\"column\">\n\t\t\t<div class=\"elementor-widget-wrap elementor-element-populated\">\n\t\t\t\t\t\t<div class=\"elementor-element elementor-element-ea68797 elementor-widget elementor-widget-image\" data-id=\"ea68797\" data-element_type=\"widget\" data-e-type=\"widget\" data-widget_type=\"image.default\">\n\t\t\t\t<div class=\"elementor-widget-container\">\n\t\t\t\t\t\t\t\t\t\t\t\t\t\t\t\t<a href=\"\/relaxed\">\n\t\t\t\t\t\t\t<img decoding=\"async\" width=\"596\" height=\"159\" src=\"https:\/\/wuo-corp.fnxs.io\/wp-content\/uploads\/2025\/08\/relaxed_logo.jpg\" class=\"attachment-medium_large size-medium_large wp-image-11562\" alt=\"\" srcset=\"https:\/\/wuo-corp.fnxs.io\/wp-content\/uploads\/2025\/08\/relaxed_logo.jpg 596w, https:\/\/wuo-corp.fnxs.io\/wp-content\/uploads\/2025\/08\/relaxed_logo-300x80.jpg 300w, https:\/\/wuo-corp.fnxs.io\/wp-content\/uploads\/2025\/08\/relaxed_logo-18x5.jpg 18w\" sizes=\"(max-width: 596px) 100vw, 596px\" \/>\t\t\t\t\t\t\t\t<\/a>\n\t\t\t\t\t\t\t\t\t\t\t\t\t\t\t<\/div>\n\t\t\t\t<\/div>\n\t\t\t\t<div class=\"elementor-element elementor-element-7066ca8 elementor-widget elementor-widget-gallery\" data-id=\"7066ca8\" data-element_type=\"widget\" data-e-type=\"widget\" data-settings=\"{&quot;gallery_layout&quot;:&quot;masonry&quot;,&quot;columns&quot;:&quot;5&quot;,&quot;lazyload&quot;:&quot;yes&quot;,&quot;columns_tablet&quot;:2,&quot;columns_mobile&quot;:1,&quot;gap&quot;:{&quot;unit&quot;:&quot;px&quot;,&quot;size&quot;:10,&quot;sizes&quot;:[]},&quot;gap_tablet&quot;:{&quot;unit&quot;:&quot;px&quot;,&quot;size&quot;:10,&quot;sizes&quot;:[]},&quot;gap_mobile&quot;:{&quot;unit&quot;:&quot;px&quot;,&quot;size&quot;:10,&quot;sizes&quot;:[]},&quot;link_to&quot;:&quot;file&quot;,&quot;overlay_background&quot;:&quot;yes&quot;,&quot;content_hover_animation&quot;:&quot;fade-in&quot;}\" data-widget_type=\"gallery.default\">\n\t\t\t\t<div class=\"elementor-widget-container\">\n\t\t\t\t\t\t\t<div class=\"elementor-gallery__container\">\n\t\t\t\t\t\t\t<a class=\"e-gallery-item elementor-gallery-item elementor-animated-content\" href=\"https:\/\/wuo-corp.fnxs.io\/wp-content\/uploads\/2025\/06\/27-08_2243-26_58_b.jpg\" data-elementor-open-lightbox=\"yes\" data-elementor-lightbox-slideshow=\"7066ca8\" data-elementor-lightbox-title=\"27-08_2243-26_58_b\" data-e-action-hash=\"#elementor-action%3Aaction%3Dlightbox%26settings%3DeyJpZCI6MTE0MTUsInVybCI6Imh0dHBzOlwvXC93dW8tY29ycC5mbnhzLmlvXC93cC1jb250ZW50XC91cGxvYWRzXC8yMDI1XC8wNlwvMjctMDhfMjI0My0yNl81OF9iLmpwZyIsInNsaWRlc2hvdyI6IjcwNjZjYTgifQ%3D%3D\">\n\t\t\t\t\t<div class=\"e-gallery-image elementor-gallery-item__image\" data-thumbnail=\"https:\/\/wuo-corp.fnxs.io\/wp-content\/uploads\/2025\/06\/27-08_2243-26_58_b-240x300.jpg\" data-width=\"240\" data-height=\"300\" aria-label=\"\" role=\"img\" ><\/div>\n\t\t\t\t\t\t\t\t\t\t\t<div class=\"elementor-gallery-item__overlay\"><\/div>\n\t\t\t\t\t\t\t\t\t\t\t\t\t\t<\/a>\n\t\t\t\t\t\t\t<a class=\"e-gallery-item elementor-gallery-item elementor-animated-content\" href=\"https:\/\/wuo-corp.fnxs.io\/wp-content\/uploads\/2025\/06\/28-18_2840-37_42.jpg\" data-elementor-open-lightbox=\"yes\" data-elementor-lightbox-slideshow=\"7066ca8\" data-elementor-lightbox-title=\"28-18_2840-37_42\" data-e-action-hash=\"#elementor-action%3Aaction%3Dlightbox%26settings%3DeyJpZCI6MTE0MTYsInVybCI6Imh0dHBzOlwvXC93dW8tY29ycC5mbnhzLmlvXC93cC1jb250ZW50XC91cGxvYWRzXC8yMDI1XC8wNlwvMjgtMThfMjg0MC0zN180Mi5qcGciLCJzbGlkZXNob3ciOiI3MDY2Y2E4In0%3D\">\n\t\t\t\t\t<div class=\"e-gallery-image elementor-gallery-item__image\" data-thumbnail=\"https:\/\/wuo-corp.fnxs.io\/wp-content\/uploads\/2025\/06\/28-18_2840-37_42-240x300.jpg\" data-width=\"240\" data-height=\"300\" aria-label=\"\" role=\"img\" ><\/div>\n\t\t\t\t\t\t\t\t\t\t\t<div class=\"elementor-gallery-item__overlay\"><\/div>\n\t\t\t\t\t\t\t\t\t\t\t\t\t\t<\/a>\n\t\t\t\t\t\t\t<a class=\"e-gallery-item elementor-gallery-item elementor-animated-content\" href=\"https:\/\/wuo-corp.fnxs.io\/wp-content\/uploads\/2025\/06\/21-18_2243-31_72_a.jpg\" data-elementor-open-lightbox=\"yes\" data-elementor-lightbox-slideshow=\"7066ca8\" data-elementor-lightbox-title=\"21-18_2243-31_72_a\" data-e-action-hash=\"#elementor-action%3Aaction%3Dlightbox%26settings%3DeyJpZCI6MTE0MDksInVybCI6Imh0dHBzOlwvXC93dW8tY29ycC5mbnhzLmlvXC93cC1jb250ZW50XC91cGxvYWRzXC8yMDI1XC8wNlwvMjEtMThfMjI0My0zMV83Ml9hLmpwZyIsInNsaWRlc2hvdyI6IjcwNjZjYTgifQ%3D%3D\">\n\t\t\t\t\t<div class=\"e-gallery-image elementor-gallery-item__image\" data-thumbnail=\"https:\/\/wuo-corp.fnxs.io\/wp-content\/uploads\/2025\/06\/21-18_2243-31_72_a-240x300.jpg\" data-width=\"240\" data-height=\"300\" aria-label=\"\" role=\"img\" ><\/div>\n\t\t\t\t\t\t\t\t\t\t\t<div class=\"elementor-gallery-item__overlay\"><\/div>\n\t\t\t\t\t\t\t\t\t\t\t\t\t\t<\/a>\n\t\t\t\t\t\t\t<a class=\"e-gallery-item elementor-gallery-item elementor-animated-content\" href=\"https:\/\/wuo-corp.fnxs.io\/wp-content\/uploads\/2025\/06\/62-10_2243-30_73.jpg\" data-elementor-open-lightbox=\"yes\" data-elementor-lightbox-slideshow=\"7066ca8\" data-elementor-lightbox-title=\"62-10_2243-30_73\" data-e-action-hash=\"#elementor-action%3Aaction%3Dlightbox%26settings%3DeyJpZCI6MTE0MTgsInVybCI6Imh0dHBzOlwvXC93dW8tY29ycC5mbnhzLmlvXC93cC1jb250ZW50XC91cGxvYWRzXC8yMDI1XC8wNlwvNjItMTBfMjI0My0zMF83My5qcGciLCJzbGlkZXNob3ciOiI3MDY2Y2E4In0%3D\">\n\t\t\t\t\t<div class=\"e-gallery-image elementor-gallery-item__image\" data-thumbnail=\"https:\/\/wuo-corp.fnxs.io\/wp-content\/uploads\/2025\/06\/62-10_2243-30_73-240x300.jpg\" data-width=\"240\" data-height=\"300\" aria-label=\"\" role=\"img\" ><\/div>\n\t\t\t\t\t\t\t\t\t\t\t<div class=\"elementor-gallery-item__overlay\"><\/div>\n\t\t\t\t\t\t\t\t\t\t\t\t\t\t<\/a>\n\t\t\t\t\t\t\t<a class=\"e-gallery-item elementor-gallery-item elementor-animated-content\" href=\"https:\/\/wuo-corp.fnxs.io\/wp-content\/uploads\/2025\/08\/12-19_2243-26_56_a.jpg\" data-elementor-open-lightbox=\"yes\" data-elementor-lightbox-slideshow=\"7066ca8\" data-elementor-lightbox-title=\"12-19_2243-26_56_a\" data-e-action-hash=\"#elementor-action%3Aaction%3Dlightbox%26settings%3DeyJpZCI6MTE2MzksInVybCI6Imh0dHBzOlwvXC93dW8tY29ycC5mbnhzLmlvXC93cC1jb250ZW50XC91cGxvYWRzXC8yMDI1XC8wOFwvMTItMTlfMjI0My0yNl81Nl9hLmpwZyIsInNsaWRlc2hvdyI6IjcwNjZjYTgifQ%3D%3D\">\n\t\t\t\t\t<div class=\"e-gallery-image elementor-gallery-item__image\" data-thumbnail=\"https:\/\/wuo-corp.fnxs.io\/wp-content\/uploads\/2025\/08\/12-19_2243-26_56_a-240x300.jpg\" data-width=\"240\" data-height=\"300\" aria-label=\"\" role=\"img\" ><\/div>\n\t\t\t\t\t\t\t\t\t\t\t<div class=\"elementor-gallery-item__overlay\"><\/div>\n\t\t\t\t\t\t\t\t\t\t\t\t\t\t<\/a>\n\t\t\t\t\t<\/div>\n\t\t\t\t\t<\/div>\n\t\t\t\t<\/div>\n\t\t\t\t<div class=\"elementor-element elementor-element-33c0d7c elementor-widget elementor-widget-text-editor\" data-id=\"33c0d7c\" data-element_type=\"widget\" data-e-type=\"widget\" data-widget_type=\"text-editor.default\">\n\t\t\t\t<div class=\"elementor-widget-container\">\n\t\t\t\t\t\t\t\t\t<h4>Echt<\/h4><h4>Bequem<\/h4><h4>Mit Herz<\/h4>\t\t\t\t\t\t\t\t<\/div>\n\t\t\t\t<\/div>\n\t\t\t\t\t<\/div>\n\t\t<\/div>\n\t\t\t\t\t<\/div>\n\t\t<\/section>\n\t\t\t\t<section class=\"elementor-section elementor-top-section elementor-element elementor-element-0b080e8 elementor-section-boxed elementor-section-height-default elementor-section-height-default\" data-id=\"0b080e8\" data-element_type=\"section\" data-e-type=\"section\">\n\t\t\t\t\t\t<div class=\"elementor-container elementor-column-gap-default\">\n\t\t\t\t\t<div class=\"elementor-column elementor-col-100 elementor-top-column elementor-element elementor-element-74de5d9\" data-id=\"74de5d9\" data-element_type=\"column\" data-e-type=\"column\">\n\t\t\t<div class=\"elementor-widget-wrap elementor-element-populated\">\n\t\t\t\t\t\t<div class=\"elementor-element elementor-element-eb4bbd2 elementor-widget-divider--view-line elementor-widget elementor-widget-divider\" data-id=\"eb4bbd2\" data-element_type=\"widget\" data-e-type=\"widget\" data-widget_type=\"divider.default\">\n\t\t\t\t<div class=\"elementor-widget-container\">\n\t\t\t\t\t\t\t<div class=\"elementor-divider\">\n\t\t\t<span class=\"elementor-divider-separator\">\n\t\t\t\t\t\t<\/span>\n\t\t<\/div>\n\t\t\t\t\t\t<\/div>\n\t\t\t\t<\/div>\n\t\t\t\t\t<\/div>\n\t\t<\/div>\n\t\t\t\t\t<\/div>\n\t\t<\/section>\n\t\t\t\t<section class=\"elementor-section elementor-top-section elementor-element elementor-element-b439cfd elementor-section-boxed elementor-section-height-default elementor-section-height-default\" data-id=\"b439cfd\" data-element_type=\"section\" data-e-type=\"section\">\n\t\t\t\t\t\t<div class=\"elementor-container elementor-column-gap-default\">\n\t\t\t\t\t<div class=\"elementor-column elementor-col-100 elementor-top-column elementor-element elementor-element-0238e38\" data-id=\"0238e38\" data-element_type=\"column\" data-e-type=\"column\">\n\t\t\t<div class=\"elementor-widget-wrap elementor-element-populated\">\n\t\t\t\t\t\t<div class=\"elementor-element elementor-element-7838899 elementor-widget elementor-widget-text-editor\" data-id=\"7838899\" data-element_type=\"widget\" data-e-type=\"widget\" data-widget_type=\"text-editor.default\">\n\t\t\t\t<div class=\"elementor-widget-container\">\n\t\t\t\t\t\t\t\t\t<h3 class=\"p1\" style=\"text-align: center\">TONI &amp; Relaxed &#8211; ganz in Ihrer N\u00e4he<span class=\"Apple-converted-space\">\u00a0<\/span><\/h3><p class=\"p3\" style=\"text-align: center\">Erkundigen Sie sich pers\u00f6nlich bei uns, wo sich Ihr n\u00e4chster TONI oder Relaxed H\u00e4ndler befindet. Wir geben Ihnen gerne Auskunft unter<\/p><p class=\"p3\" style=\"text-align: center\"><strong>Telefon +49 (0)9191 83 499<\/strong><\/p>\t\t\t\t\t\t\t\t<\/div>\n\t\t\t\t<\/div>\n\t\t\t\t\t<\/div>\n\t\t<\/div>\n\t\t\t\t\t<\/div>\n\t\t<\/section>\n\t\t\t\t<section class=\"elementor-section elementor-top-section elementor-element elementor-element-ab271fe elementor-section-boxed elementor-section-height-default elementor-section-height-default\" data-id=\"ab271fe\" data-element_type=\"section\" data-e-type=\"section\">\n\t\t\t\t\t\t<div class=\"elementor-container elementor-column-gap-default\">\n\t\t\t\t\t<div class=\"elementor-column elementor-col-100 elementor-top-column elementor-element elementor-element-61c154a\" data-id=\"61c154a\" data-element_type=\"column\" data-e-type=\"column\">\n\t\t\t<div class=\"elementor-widget-wrap elementor-element-populated\">\n\t\t\t\t\t\t\t<\/div>\n\t\t<\/div>\n\t\t\t\t\t<\/div>\n\t\t<\/section>\n\t\t\t\t<\/div>\n\t\t","protected":false},"excerpt":{"rendered":"<p>TONI &amp; RELAXED sind Marken der TONI DRESS DAMENMODEN GMBH, die Teil der traditionsreichen Weber &amp; Ott Gruppe in Forchheim\/Oberfranken ist. Mit \u00fcber 180 Jahren Erfolg in der Textil- und Modebranche stehen wir f\u00fcr fundierte Expertise und nachhaltige Qualit\u00e4t. Unsere DNA bildet die Basis all unseres Handelns. Mit einem vision\u00e4ren Blick in die Zukunft behalten [&hellip;]<\/p>\n","protected":false},"author":1,"featured_media":0,"parent":0,"menu_order":0,"comment_status":"closed","ping_status":"closed","template":"","meta":{"footnotes":""},"class_list":["post-2067","page","type-page","status-publish","hentry"],"_links":{"self":[{"href":"https:\/\/wuo-corp.fnxs.io\/de\/wp-json\/wp\/v2\/pages\/2067"}],"collection":[{"href":"https:\/\/wuo-corp.fnxs.io\/de\/wp-json\/wp\/v2\/pages"}],"about":[{"href":"https:\/\/wuo-corp.fnxs.io\/de\/wp-json\/wp\/v2\/types\/page"}],"author":[{"embeddable":true,"href":"https:\/\/wuo-corp.fnxs.io\/de\/wp-json\/wp\/v2\/users\/1"}],"replies":[{"embeddable":true,"href":"https:\/\/wuo-corp.fnxs.io\/de\/wp-json\/wp\/v2\/comments?post=2067"}],"version-history":[{"count":1206,"href":"https:\/\/wuo-corp.fnxs.io\/de\/wp-json\/wp\/v2\/pages\/2067\/revisions"}],"predecessor-version":[{"id":12286,"href":"https:\/\/wuo-corp.fnxs.io\/de\/wp-json\/wp\/v2\/pages\/2067\/revisions\/12286"}],"wp:attachment":[{"href":"https:\/\/wuo-corp.fnxs.io\/de\/wp-json\/wp\/v2\/media?parent=2067"}],"curies":[{"name":"wp","href":"https:\/\/api.w.org\/{rel}","templated":true}]}}