{"id":12129,"date":"2026-02-19T15:59:28","date_gmt":"2026-02-19T14:59:28","guid":{"rendered":"https:\/\/wuo-corp.fnxs.io\/?page_id=12129"},"modified":"2026-02-19T15:59:28","modified_gmt":"2026-02-19T14:59:28","slug":"barrierefreiheit","status":"publish","type":"page","link":"https:\/\/wuo-corp.fnxs.io\/en\/barrierefreiheit\/","title":{"rendered":"Accessibility Statement"},"content":{"rendered":"<div data-elementor-type=\"wp-page\" data-elementor-id=\"12129\" class=\"elementor elementor-12129\" data-elementor-post-type=\"page\">\n\t\t\t\t\t\t<section class=\"elementor-section elementor-top-section elementor-element elementor-element-ea113ab elementor-section-boxed elementor-section-height-default elementor-section-height-default\" data-id=\"ea113ab\" data-element_type=\"section\" data-e-type=\"section\">\n\t\t\t\t\t\t<div class=\"elementor-container elementor-column-gap-default\">\n\t\t\t\t\t<div class=\"elementor-column elementor-col-100 elementor-top-column elementor-element elementor-element-ba0b0dc\" data-id=\"ba0b0dc\" data-element_type=\"column\" data-e-type=\"column\">\n\t\t\t<div class=\"elementor-widget-wrap elementor-element-populated\">\n\t\t\t\t\t\t<div class=\"elementor-element elementor-element-fbfcb4b elementor-widget elementor-widget-text-editor\" data-id=\"fbfcb4b\" data-element_type=\"widget\" data-e-type=\"widget\" data-widget_type=\"text-editor.default\">\n\t\t\t\t<div class=\"elementor-widget-container\">\n\t\t\t\t\t\t\t\t\t<h1 class=\"elementor-heading-title elementor-size-default elementor-inline-editing pen\" data-elementor-setting-key=\"title\" data-pen-placeholder=\"Type Here...\">Accessibility Statement<h1>\t\t\t\t\t\t\t\t<\/div>\n\t\t\t\t<\/div>\n\t\t\t\t\t<\/div>\n\t\t<\/div>\n\t\t\t\t\t<\/div>\n\t\t<\/section>\n\t\t\t\t<section class=\"elementor-section elementor-top-section elementor-element elementor-element-7e0da38 elementor-section-boxed elementor-section-height-default elementor-section-height-default\" data-id=\"7e0da38\" data-element_type=\"section\" data-e-type=\"section\">\n\t\t\t\t\t\t<div class=\"elementor-container elementor-column-gap-default\">\n\t\t\t\t\t<div class=\"elementor-column elementor-col-100 elementor-top-column elementor-element elementor-element-f5eb8cd\" data-id=\"f5eb8cd\" data-element_type=\"column\" data-e-type=\"column\">\n\t\t\t<div class=\"elementor-widget-wrap elementor-element-populated\">\n\t\t\t\t\t\t<div class=\"elementor-element elementor-element-dfc61ff elementor-widget elementor-widget-text-editor\" data-id=\"dfc61ff\" data-element_type=\"widget\" data-e-type=\"widget\" data-widget_type=\"text-editor.default\">\n\t\t\t\t<div class=\"elementor-widget-container\">\n\t\t\t\t\t\t\t\t\t<p>Erkl\u00e4rung zur Barrierefreiheit<\/p>\n<p>This accessibility statement applies to the website of corporate.toni-fashion.com published under TONI DRESS DAMENMODEN GMBH.<\/p>\n<p>Allgemeine Beschreibung der Dienstleistung<\/p>\n<p>The website of TONI DRESS DAMENMODEN GMBH provides information about the company, its offers and enables direct contact.<\/p>\n<p>Applicable legal requirements<\/p>\n<p>The accessibility requirements for digital services are defined in Section 14 of the German Accessibility Strengthening Act (BFSG) in conjunction with Section 3(1) BFSG and the Ordinance on the BFSG (BFSGV).<\/p>\n<p>Implementation of accessibility requirements<\/p>\n<p>This assessment is based on a self-evaluation supported by the accessibility tool AccessGO.<\/p>\n<p>As a result of this review, the website is partially compliant with the aforementioned legal accessibility requirements.<\/p>\n<p>The following elements are not fully compliant with the applicable regulations:<\/p>\n<ul>\n<li>Barrier: Some links are empty or contain no text, making their target or function unclear.<\/li>\n<li>Barrier: Skipped heading level in the document structure.<\/li>\n<li>Barrier: Some headings are empty or contain no descriptive text.<\/li>\n<li>Barrier: A link refers to a location within the same page, but the target element is missing.<\/li>\n<\/ul><p>\n<p>Planned handling of the mentioned accessibility barriers<\/p>\n<p>We are already working on removing these barriers.<\/p>\n<p>Addition to the accessibility statement\u00a0<\/p>\n<p>Our website includes the accessibility plugin AccessGO (www.accessgo.de), provided by DGfB \u2013 Deutsche Gesellschaft f\u00fcr Barrierefreiheit mbH.<\/p>\n<p>This allows users to adapt our website to individual limitations or preferences.<\/p>\n<p>Settings can be accessed via the AccessGO symbol or alternatively using the shortcut \"ALT + 1\". All functions are keyboard-operable.<\/p>\n<p>Among other things, users can adjust:<\/p>\n<p>Font size<br \/>Contrast<br \/>Link highlighting<br \/>Screen reader activation<br \/>Profiles to activate multiple settings at once.<br \/>Date of the accessibility statement<\/p>\n<p>This statement was created on: 05.02.2026<\/p>\n<p>Reporting barriers and requesting accessibility information<\/p>\n<p>Have you noticed accessibility issues on our website or do you have comments or questions regarding accessible access? Please contact us:<\/p>\n<p>TONI DRESS DAMENMODEN GMBH<\/p>\n<p>Konrad-Ott-Str. 1<\/p>\n<p>91301 Forchheim<\/p>\n<p>Germany<\/p>\n<p>info@toni-fashion.de<\/p>\n<p>Competent market surveillance authority<\/p>\n<p>If you believe that this website is not accessible, please inform our office or person mentioned above. We will endeavour to respond to enquiries within a reasonable period of time.\u00a0<\/p>\n<p>If you are wholly or partially dissatisfied with the response, you may also contact the following authority.<\/p>\n<p>The contact details of the market surveillance authority responsible for us are:<\/p>\n<p>MLBF<\/p>\n<p>c\/o Ministry of Labour, Social Affairs, Health and Equality Saxony-Anhalt<\/p>\n<p>Carl-Miller-Str. 6<\/p>\n<p>39112 Magdeburg<\/p>\n<p>MLBF(at)ms.sachsen-anhalt.de<\/p>\n<p>Phone: +49 391 567 6970\u00a0<\/p>\t\t\t\t\t\t\t\t<\/div>\n\t\t\t\t<\/div>\n\t\t\t\t\t<\/div>\n\t\t<\/div>\n\t\t\t\t\t<\/div>\n\t\t<\/section>\n\t\t\t\t<\/div>","protected":false},"excerpt":{"rendered":"<p>Barrierefreiheit Erkl\u00e4rung zur Barrierefreiheit Diese Erkl\u00e4rung zur Barrierefreiheit gilt f\u00fcr die unter corporate.toni-fashion.com ver\u00f6ffentlichte Webseite der TONI DRESS DAMENMODEN GMBH. Allgemeine Beschreibung der Dienstleistung Die Webseite der TONI DRESS DAMENMODEN GMBH bietet Informationen \u00fcber das Unternehmen, seine Angebote und erm\u00f6glicht eine direkte Kontaktaufnahme. Geltende rechtliche Anforderungen F\u00fcr digitale Dienstleistungen gelten die Anforderungen nach \u00a7 14 [&hellip;]<\/p>\n","protected":false},"author":6,"featured_media":0,"parent":0,"menu_order":0,"comment_status":"closed","ping_status":"closed","template":"","meta":{"footnotes":""},"class_list":["post-12129","page","type-page","status-publish","hentry"],"_links":{"self":[{"href":"https:\/\/wuo-corp.fnxs.io\/en\/wp-json\/wp\/v2\/pages\/12129"}],"collection":[{"href":"https:\/\/wuo-corp.fnxs.io\/en\/wp-json\/wp\/v2\/pages"}],"about":[{"href":"https:\/\/wuo-corp.fnxs.io\/en\/wp-json\/wp\/v2\/types\/page"}],"author":[{"embeddable":true,"href":"https:\/\/wuo-corp.fnxs.io\/en\/wp-json\/wp\/v2\/users\/6"}],"replies":[{"embeddable":true,"href":"https:\/\/wuo-corp.fnxs.io\/en\/wp-json\/wp\/v2\/comments?post=12129"}],"version-history":[{"count":13,"href":"https:\/\/wuo-corp.fnxs.io\/en\/wp-json\/wp\/v2\/pages\/12129\/revisions"}],"predecessor-version":[{"id":12147,"href":"https:\/\/wuo-corp.fnxs.io\/en\/wp-json\/wp\/v2\/pages\/12129\/revisions\/12147"}],"wp:attachment":[{"href":"https:\/\/wuo-corp.fnxs.io\/en\/wp-json\/wp\/v2\/media?parent=12129"}],"curies":[{"name":"wp","href":"https:\/\/api.w.org\/{rel}","templated":true}]}}